{"id":99,"date":"2024-08-22T19:51:43","date_gmt":"2024-08-22T19:51:43","guid":{"rendered":"https:\/\/calliotech.fr\/?page_id=99"},"modified":"2025-06-03T12:10:53","modified_gmt":"2025-06-03T10:10:53","slug":"interventions","status":"publish","type":"page","link":"https:\/\/panlibri.fr\/?page_id=99","title":{"rendered":"INTERVENTIONS"},"content":{"rendered":"\n<figure class=\"wp-block-image alignright size-full is-resized\"><img loading=\"lazy\" decoding=\"async\" width=\"1024\" height=\"1024\" src=\"https:\/\/atelier-du-pandabri.fr\/wp-content\/uploads\/2025\/03\/D3B81421-E20F-4F35-9D70-97C110C3A4E7.webp\" alt=\"\" class=\"wp-image-348\" style=\"width:332px;height:auto\" srcset=\"https:\/\/panlibri.fr\/wp-content\/uploads\/2025\/03\/D3B81421-E20F-4F35-9D70-97C110C3A4E7.webp 1024w, https:\/\/panlibri.fr\/wp-content\/uploads\/2025\/03\/D3B81421-E20F-4F35-9D70-97C110C3A4E7-300x300.webp 300w, https:\/\/panlibri.fr\/wp-content\/uploads\/2025\/03\/D3B81421-E20F-4F35-9D70-97C110C3A4E7-150x150.webp 150w\" sizes=\"auto, (max-width: 1024px) 100vw, 1024px\" \/><\/figure>\n\n\n\n<p>Partager mon amour de l\u2019\u00e9criture et de la lecture avec des enfants, faire en sorte qu\u2019ils prennent plaisir \u00e0 \u00e9crire, \u00e0 lire est un des plus beaux but que j\u2019ai pu me fixer. Avec le temps, j\u2019ai pu me rendre compte que les \u00e9l\u00e8ves avec lesquels je travaillais souffrais souvent de ne pouvoir facilement s\u2019exprimer &#8211; en particulier \u00e0 l\u2019\u00e9crit. J\u2019ai aussi pu constater que le manque de partage des \u00e9motions et de compr\u00e9hension des \u00e9motions des autres pouvait aussi ternir une ambiance de classe et amener des \u00e9l\u00e8ves, des enfants jusqu\u2019au conflit. <\/p>\n\n\n\n<p>De ces constations sont n\u00e9es mon d\u00e9sir de proposer des ateliers tourn\u00e9s vers les \u00e9motions et emplis de Communication Non Violence. Form\u00e9e \u00e0 l\u2019animation d\u2019ateliers d\u2019\u00e9critures, \u00e0 la litt\u00e9rature de jeunesse et \u00e0 la Communication Non Violente, j\u2019ai mis en place plusieurs types d\u2019interventions que je propose dans les \u00e9coles, dans les biblioth\u00e8ques\u2026 <\/p>\n\n\n\n<div style=\"height:40px\" aria-hidden=\"true\" class=\"wp-block-spacer\"><\/div>\n\n\n\n<div class=\"wp-block-buttons alignwide is-content-justification-center is-layout-flex wp-container-core-buttons-is-layout-a89b3969 wp-block-buttons-is-layout-flex\">\n<div class=\"wp-block-button is-style-outline is-style-outline--1\"><a class=\"wp-block-button__link wp-element-button\" href=\"https:\/\/panlibri.fr\/?page_id=217\">Ateliers d\u2019\u00e9criture<\/a><\/div>\n\n\n\n<div class=\"wp-block-button is-style-outline is-style-outline--2\"><a class=\"wp-block-button__link wp-element-button\" href=\"https:\/\/panlibri.fr\/?page_id=223\">\u00c0 la lecture\u2026<\/a><\/div>\n\n\n\n<div class=\"wp-block-button is-style-outline is-style-outline--3\"><a class=\"wp-block-button__link wp-element-button\" href=\"https:\/\/panlibri.fr\/?page_id=231\">Comp\u00e9tences psychosociales &#8211; CNV<\/a><\/div>\n\n\n\n<div class=\"wp-block-button is-style-outline is-style-outline--4\"><a class=\"wp-block-button__link wp-element-button\" href=\"https:\/\/panlibri.fr\/?page_id=240\">Pens\u00e9e visuelle<\/a><\/div>\n\n\n\n<div class=\"wp-block-button is-style-outline is-style-outline--5\"><a class=\"wp-block-button__link wp-element-button\" href=\"https:\/\/panlibri.fr\/?page_id=245\">Apprendre \u00e0 apprendre<\/a><\/div>\n\n\n\n<div class=\"wp-block-button is-style-outline is-style-outline--6\"><a class=\"wp-block-button__link wp-element-button\" href=\"https:\/\/panlibri.fr\/?page_id=249\">Histoire-G\u00e9ographie<\/a><\/div>\n<\/div>\n\n\n\n<div style=\"height:40px\" aria-hidden=\"true\" class=\"wp-block-spacer\"><\/div>\n\n\n\n<div class=\"wp-block-buttons is-content-justification-center is-layout-flex wp-container-core-buttons-is-layout-a89b3969 wp-block-buttons-is-layout-flex\">\n<div class=\"wp-block-button\"><a class=\"wp-block-button__link wp-element-button\" href=\"https:\/\/panlibri.fr\/?page_id=298\">Contact, conditions, tarifs\u2026<\/a><\/div>\n<\/div>\n\n\n\n<div style=\"height:40px\" aria-hidden=\"true\" class=\"wp-block-spacer\"><\/div>\n\n\n\n<p><\/p>\n","protected":false},"excerpt":{"rendered":"<p>Partager mon amour de l\u2019\u00e9criture et de la lecture avec des enfants, faire en sorte qu\u2019ils prennent plaisir \u00e0 \u00e9crire, \u00e0 lire est un des plus beaux but que j\u2019ai pu me fixer. Avec le temps, j\u2019ai pu me rendre compte que les \u00e9l\u00e8ves avec lesquels je travaillais souffrais souvent de ne pouvoir facilement s\u2019exprimer &hellip; <\/p>\n<p class=\"link-more\"><a href=\"https:\/\/panlibri.fr\/?page_id=99\" class=\"more-link\">Lire la suite de<span class=\"screen-reader-text\">\u00ab\u00a0INTERVENTIONS\u00a0\u00bb<\/span><\/a><\/p>\n","protected":false},"author":1,"featured_media":0,"parent":0,"menu_order":0,"comment_status":"closed","ping_status":"closed","template":"","meta":{"footnotes":""},"class_list":["post-99","page","type-page","status-publish","hentry"],"_links":{"self":[{"href":"https:\/\/panlibri.fr\/index.php?rest_route=\/wp\/v2\/pages\/99","targetHints":{"allow":["GET"]}}],"collection":[{"href":"https:\/\/panlibri.fr\/index.php?rest_route=\/wp\/v2\/pages"}],"about":[{"href":"https:\/\/panlibri.fr\/index.php?rest_route=\/wp\/v2\/types\/page"}],"author":[{"embeddable":true,"href":"https:\/\/panlibri.fr\/index.php?rest_route=\/wp\/v2\/users\/1"}],"replies":[{"embeddable":true,"href":"https:\/\/panlibri.fr\/index.php?rest_route=%2Fwp%2Fv2%2Fcomments&post=99"}],"version-history":[{"count":19,"href":"https:\/\/panlibri.fr\/index.php?rest_route=\/wp\/v2\/pages\/99\/revisions"}],"predecessor-version":[{"id":504,"href":"https:\/\/panlibri.fr\/index.php?rest_route=\/wp\/v2\/pages\/99\/revisions\/504"}],"wp:attachment":[{"href":"https:\/\/panlibri.fr\/index.php?rest_route=%2Fwp%2Fv2%2Fmedia&parent=99"}],"curies":[{"name":"wp","href":"https:\/\/api.w.org\/{rel}","templated":true}]}}