{"id":96,"date":"2024-08-22T19:49:34","date_gmt":"2024-08-22T19:49:34","guid":{"rendered":"https:\/\/calliotech.fr\/?page_id=96"},"modified":"2025-07-23T09:20:14","modified_gmt":"2025-07-23T07:20:14","slug":"litterature-de-jeunesse","status":"publish","type":"page","link":"https:\/\/panlibri.fr\/?page_id=96","title":{"rendered":"LITT\u00c9RATURE JEUNESSE"},"content":{"rendered":"\n<figure class=\"wp-block-image alignright size-full is-resized\"><img loading=\"lazy\" decoding=\"async\" width=\"1004\" height=\"982\" src=\"https:\/\/atelier-du-pandabri.fr\/wp-content\/uploads\/2025\/03\/IMG_0675.png\" alt=\"\" class=\"wp-image-405\" style=\"width:188px;height:auto\" srcset=\"https:\/\/panlibri.fr\/wp-content\/uploads\/2025\/03\/IMG_0675.png 1004w, https:\/\/panlibri.fr\/wp-content\/uploads\/2025\/03\/IMG_0675-300x293.png 300w\" sizes=\"auto, (max-width: 1004px) 100vw, 1004px\" \/><\/figure>\n\n\n\n<p>\u00c9crire est pour moi une passion, mais aussi un moyen d\u2019expression, une fa\u00e7on de partager ce que j\u2019aime, les valeurs en lesquelles je crois. Je n\u2019en suis qu\u2019au d\u00e9but de mon \u00e9criture, avec plein d\u2019id\u00e9es qui restent encore \u00e0 r\u00e9aliser. Jusqu\u2019ici, je n\u2019ai termin\u00e9 que trois livres dont le premier seulement est disponible sur Amazon.<\/p>\n\n\n\n<div style=\"height:50px\" aria-hidden=\"true\" class=\"wp-block-spacer\"><\/div>\n\n\n\n<div class=\"wp-block-media-text is-stacked-on-mobile\"><figure class=\"wp-block-media-text__media\"><img decoding=\"async\" src=\"https:\/\/calliotech.fr\/wp-content\/uploads\/2024\/11\/Photo_2023-09-10_111548-1024x724.jpeg\" alt=\"\" class=\"wp-image-270 size-full\"\/><\/figure><div class=\"wp-block-media-text__content\">\n<p><\/p>\n\n\n\n<p><strong>La Chasse aux chaussettes<\/strong><\/p>\n\n\n\n<p>Qui ne s&rsquo;est jamais retrouv\u00e9 d\u00e9sesp\u00e9r\u00e9 face \u00e0 une chaussette qui avait perdu sa jumelle ? Qui ne s&rsquo;est jamais demand\u00e9 pourquoi les chaussettes disparaissent si souvent ? C&rsquo;est \u00e0 ce myst\u00e8re qu&rsquo;Alice, No\u00e9 et Paul se trouvent confront\u00e9s. Ce petit livre plein de douceur emm\u00e8ne les enfants dans un imaginaire o\u00f9 les licornes ne sont plus si loin de notre quotidien.<\/p>\n\n\n\n<div class=\"wp-block-buttons is-content-justification-center is-layout-flex wp-container-core-buttons-is-layout-a89b3969 wp-block-buttons-is-layout-flex\">\n<div class=\"wp-block-button is-style-outline is-style-outline--1\"><a class=\"wp-block-button__link wp-element-button\" href=\"https:\/\/www.amazon.fr\/chasse-aux-chaussettes-Marie-Defrance\/dp\/2322502723\/ref=sr_1_1?crid=2NGAZC416P5AD&amp;dib=eyJ2IjoiMSJ9.SMCr3si8emWPwI40qOz5q92L71kVinzkXPbPtnfX1kJMqSYBxLmFZIR8OOZbmHp1nH1kxPlXOpwRKQz22__1eoSATZmpA1uTWx0T0-wD5blV20f_uUHo-5SCXmD0e_4mdiAaU-aSEujS3JPaiWdcow3ww2XPBdriB2RqTbA6HvR_wliO_F3-X9muEHbA2AnOUys3NqQQRKDt6maLPtbP88QM98XSPOpNYgnxQU68QU4ti7qk_8CKD14ptRSHkfCmHMc5c6dr2iVMNZ9O37t-eGaL74tBQpi6JddVm2v-qvI.-r3C--6xgGlL_T7rfDsn2HVKv9h7X3EOzAjbS9oJGRM&amp;dib_tag=se&amp;keywords=la+chasse+aux+chaussettes&amp;nsdOptOutParam=true&amp;qid=1731264640&amp;sprefix=La+chasse+aux+chausse%2Caps%2C87&amp;sr=8-1\">Commander<\/a><\/div>\n<\/div>\n<\/div><\/div>\n\n\n\n<div style=\"height:40px\" aria-hidden=\"true\" class=\"wp-block-spacer\"><\/div>\n\n\n\n<hr class=\"wp-block-separator has-alpha-channel-opacity is-style-wide\"\/>\n\n\n\n<div style=\"height:40px\" aria-hidden=\"true\" class=\"wp-block-spacer\"><\/div>\n\n\n\n<div class=\"wp-block-media-text has-media-on-the-right is-stacked-on-mobile\"><div class=\"wp-block-media-text__content\">\n<p><\/p>\n\n\n\n<p><strong>L\u2019\u00c9cole des \u00e9motions <\/strong><\/p>\n\n\n\n<p>Avec leur ma\u00eetresse, les \u00e9l\u00e8ves d\u2019une classe de CP-CE2 \u00e9tudient les \u00e9motions et r\u00e9alisent que prendre en consid\u00e9ration ses \u00e9motions et celles des autres permet une plus grande s\u00e9r\u00e9nit\u00e9 dans les relations avec ses camarades, et avec les adultes.<\/p>\n\n\n\n<p>J\u2019ai \u00e9crit ce livre pour les besoins d\u2019un de mes ateliers sur les \u00e9motions. \u00c0 l\u2019int\u00e9rieur, il y a aussi des exercices et ressources tr\u00e8s simples \u00e0 utiliser \u00e0 destination des enseignants ou des parents.<\/p>\n<\/div><figure class=\"wp-block-media-text__media\"><img loading=\"lazy\" decoding=\"async\" width=\"1024\" height=\"768\" src=\"http:\/\/atelier-du-pandabri.fr\/wp-content\/uploads\/2024\/11\/image0-scaled-1-1024x768.jpeg\" alt=\"\" class=\"wp-image-272 size-full\" srcset=\"https:\/\/panlibri.fr\/wp-content\/uploads\/2024\/11\/image0-scaled-1-1024x768.jpeg 1024w, https:\/\/panlibri.fr\/wp-content\/uploads\/2024\/11\/image0-scaled-1-300x225.jpeg 300w, https:\/\/panlibri.fr\/wp-content\/uploads\/2024\/11\/image0-scaled-1-768x576.jpeg 768w, https:\/\/panlibri.fr\/wp-content\/uploads\/2024\/11\/image0-scaled-1-1536x1152.jpeg 1536w, https:\/\/panlibri.fr\/wp-content\/uploads\/2024\/11\/image0-scaled-1-2048x1536.jpeg 2048w\" sizes=\"auto, (max-width: 1024px) 100vw, 1024px\" \/><\/figure><\/div>\n\n\n\n<div style=\"height:40px\" aria-hidden=\"true\" class=\"wp-block-spacer\"><\/div>\n\n\n\n<hr class=\"wp-block-separator has-alpha-channel-opacity is-style-wide\"\/>\n\n\n\n<div style=\"height:40px\" aria-hidden=\"true\" class=\"wp-block-spacer\"><\/div>\n\n\n\n<div class=\"wp-block-media-text is-stacked-on-mobile\"><figure class=\"wp-block-media-text__media\"><img loading=\"lazy\" decoding=\"async\" width=\"930\" height=\"931\" src=\"https:\/\/panlibri.fr\/wp-content\/uploads\/2025\/07\/IMG_1434.jpeg\" alt=\"\" class=\"wp-image-524 size-full\" srcset=\"https:\/\/panlibri.fr\/wp-content\/uploads\/2025\/07\/IMG_1434.jpeg 930w, https:\/\/panlibri.fr\/wp-content\/uploads\/2025\/07\/IMG_1434-300x300.jpeg 300w, https:\/\/panlibri.fr\/wp-content\/uploads\/2025\/07\/IMG_1434-150x150.jpeg 150w\" sizes=\"auto, (max-width: 930px) 100vw, 930px\" \/><\/figure><div class=\"wp-block-media-text__content\">\n<p><strong>L\u2019\u00e9veil du Panlibri<\/strong><\/p>\n\n\n\n<p>Cet ouvrage a \u00e9t\u00e9 \u00e9crit dans un contexte particulier : celui de mes ateliers d\u2019\u00e9criture. Il avait pour but de servir de mod\u00e8le, de d\u00e9clencheur pour leur \u00e9criture. <\/p>\n\n\n\n<p>C\u2019est l\u2019histoire d\u2019un panda roux qui part en qu\u00eate d\u2019une fa\u00e7on de r\u00e9aliser son r\u00eave : voler. En chemin, il va croiser l\u2019\u00e9criture et cela va tout changer\u2026<\/p>\n<\/div><\/div>\n\n\n\n<p><strong>Pour commander, vous pouvez nous envoyer un mail \u00e0 : marie.defrance@calliotech.fr<\/strong><\/p>\n\n\n\n<div style=\"height:40px\" aria-hidden=\"true\" class=\"wp-block-spacer\"><\/div>\n\n\n\n<div class=\"wp-block-buttons is-content-justification-center is-layout-flex wp-container-core-buttons-is-layout-a89b3969 wp-block-buttons-is-layout-flex\">\n<div class=\"wp-block-button\"><a class=\"wp-block-button__link wp-element-button\" href=\"https:\/\/panlibri.fr\/?page_id=298\">Contacts<\/a><\/div>\n<\/div>\n\n\n\n<div style=\"height:40px\" aria-hidden=\"true\" class=\"wp-block-spacer\"><\/div>\n\n\n\n<p><\/p>\n","protected":false},"excerpt":{"rendered":"<p>\u00c9crire est pour moi une passion, mais aussi un moyen d\u2019expression, une fa\u00e7on de partager ce que j\u2019aime, les valeurs en lesquelles je crois. Je n\u2019en suis qu\u2019au d\u00e9but de mon \u00e9criture, avec plein d\u2019id\u00e9es qui restent encore \u00e0 r\u00e9aliser. Jusqu\u2019ici, je n\u2019ai termin\u00e9 que trois livres dont le premier seulement est disponible sur Amazon. &hellip; <\/p>\n<p class=\"link-more\"><a href=\"https:\/\/panlibri.fr\/?page_id=96\" class=\"more-link\">Lire la suite de<span class=\"screen-reader-text\">\u00ab\u00a0LITT\u00c9RATURE JEUNESSE\u00a0\u00bb<\/span><\/a><\/p>\n","protected":false},"author":1,"featured_media":0,"parent":0,"menu_order":0,"comment_status":"closed","ping_status":"closed","template":"","meta":{"footnotes":""},"class_list":["post-96","page","type-page","status-publish","hentry"],"_links":{"self":[{"href":"https:\/\/panlibri.fr\/index.php?rest_route=\/wp\/v2\/pages\/96","targetHints":{"allow":["GET"]}}],"collection":[{"href":"https:\/\/panlibri.fr\/index.php?rest_route=\/wp\/v2\/pages"}],"about":[{"href":"https:\/\/panlibri.fr\/index.php?rest_route=\/wp\/v2\/types\/page"}],"author":[{"embeddable":true,"href":"https:\/\/panlibri.fr\/index.php?rest_route=\/wp\/v2\/users\/1"}],"replies":[{"embeddable":true,"href":"https:\/\/panlibri.fr\/index.php?rest_route=%2Fwp%2Fv2%2Fcomments&post=96"}],"version-history":[{"count":12,"href":"https:\/\/panlibri.fr\/index.php?rest_route=\/wp\/v2\/pages\/96\/revisions"}],"predecessor-version":[{"id":527,"href":"https:\/\/panlibri.fr\/index.php?rest_route=\/wp\/v2\/pages\/96\/revisions\/527"}],"wp:attachment":[{"href":"https:\/\/panlibri.fr\/index.php?rest_route=%2Fwp%2Fv2%2Fmedia&parent=96"}],"curies":[{"name":"wp","href":"https:\/\/api.w.org\/{rel}","templated":true}]}}