{"id":298,"date":"2024-11-11T06:49:52","date_gmt":"2024-11-11T06:49:52","guid":{"rendered":"https:\/\/calliotech.fr\/?page_id=298"},"modified":"2025-06-03T12:44:04","modified_gmt":"2025-06-03T10:44:04","slug":"contacts-conditions-tarifs","status":"publish","type":"page","link":"https:\/\/panlibri.fr\/?page_id=298","title":{"rendered":"Contacts, conditions, tarifs\u2026"},"content":{"rendered":"\n<figure class=\"wp-block-image alignright size-full is-resized\"><img loading=\"lazy\" decoding=\"async\" width=\"1024\" height=\"1024\" src=\"http:\/\/atelier-du-pandabri.fr\/wp-content\/uploads\/2025\/03\/02575C5D-1C2D-41D4-94AC-8ED4517B96F4.webp\" alt=\"\" class=\"wp-image-354\" style=\"width:309px;height:auto\" srcset=\"https:\/\/panlibri.fr\/wp-content\/uploads\/2025\/03\/02575C5D-1C2D-41D4-94AC-8ED4517B96F4.webp 1024w, https:\/\/panlibri.fr\/wp-content\/uploads\/2025\/03\/02575C5D-1C2D-41D4-94AC-8ED4517B96F4-300x300.webp 300w, https:\/\/panlibri.fr\/wp-content\/uploads\/2025\/03\/02575C5D-1C2D-41D4-94AC-8ED4517B96F4-150x150.webp 150w\" sizes=\"auto, (max-width: 1024px) 100vw, 1024px\" \/><\/figure>\n\n\n\n<p>Tous les ateliers propos\u00e9s sont adaptables au public et \u00e0 vos envies, vos besoins, \u00e0 la fois en terme de contenu, mais aussi de dur\u00e9e, de fr\u00e9quence. Pour parler des diff\u00e9rentes possibilit\u00e9s, vous pouvez me joindre par mail \u00e0 l\u2019adresse suivante : <strong>marie.defrance@calliotech.fr<\/strong>.<\/p>\n\n\n\n<p>Le co\u00fbt des ateliers est \u00e0 calculer en fonction de la dur\u00e9e des ateliers avec un taux horaire de 50 euros \u00e0 l\u2019heure auquel il faut ajouter les frais de d\u00e9placement si votre structure se trouve \u00e0 plus de 30km d\u2019Auvers-sur-Oise (95).<\/p>\n\n\n\n<p>Les ateliers propos\u00e9s se font donc la plupart du temps dans les structures demandeuses, cependant, si vous avez besoin d\u2019un lieu, nous pourrons vous en proposer un dans les environ de Cergy-Pontoise (95).<\/p>\n\n\n\n<p>Pour toute question, demande de pr\u00e9cision n\u2019h\u00e9sitez pas \u00e0 me joindre.<\/p>\n","protected":false},"excerpt":{"rendered":"<p>Tous les ateliers propos\u00e9s sont adaptables au public et \u00e0 vos envies, vos besoins, \u00e0 la fois en terme de contenu, mais aussi de dur\u00e9e, de fr\u00e9quence. Pour parler des diff\u00e9rentes possibilit\u00e9s, vous pouvez me joindre par mail \u00e0 l\u2019adresse suivante : marie.defrance@calliotech.fr. Le co\u00fbt des ateliers est \u00e0 calculer en fonction de la dur\u00e9e &hellip; <\/p>\n<p class=\"link-more\"><a href=\"https:\/\/panlibri.fr\/?page_id=298\" class=\"more-link\">Lire la suite de<span class=\"screen-reader-text\">\u00ab\u00a0Contacts, conditions, tarifs\u2026\u00a0\u00bb<\/span><\/a><\/p>\n","protected":false},"author":1,"featured_media":0,"parent":0,"menu_order":0,"comment_status":"closed","ping_status":"closed","template":"","meta":{"footnotes":""},"class_list":["post-298","page","type-page","status-publish","hentry"],"_links":{"self":[{"href":"https:\/\/panlibri.fr\/index.php?rest_route=\/wp\/v2\/pages\/298","targetHints":{"allow":["GET"]}}],"collection":[{"href":"https:\/\/panlibri.fr\/index.php?rest_route=\/wp\/v2\/pages"}],"about":[{"href":"https:\/\/panlibri.fr\/index.php?rest_route=\/wp\/v2\/types\/page"}],"author":[{"embeddable":true,"href":"https:\/\/panlibri.fr\/index.php?rest_route=\/wp\/v2\/users\/1"}],"replies":[{"embeddable":true,"href":"https:\/\/panlibri.fr\/index.php?rest_route=%2Fwp%2Fv2%2Fcomments&post=298"}],"version-history":[{"count":3,"href":"https:\/\/panlibri.fr\/index.php?rest_route=\/wp\/v2\/pages\/298\/revisions"}],"predecessor-version":[{"id":519,"href":"https:\/\/panlibri.fr\/index.php?rest_route=\/wp\/v2\/pages\/298\/revisions\/519"}],"wp:attachment":[{"href":"https:\/\/panlibri.fr\/index.php?rest_route=%2Fwp%2Fv2%2Fmedia&parent=298"}],"curies":[{"name":"wp","href":"https:\/\/api.w.org\/{rel}","templated":true}]}}