{"id":267,"date":"2024-08-21T16:20:18","date_gmt":"2024-08-21T16:20:18","guid":{"rendered":"https:\/\/calliotech.fr\/?page_id=2"},"modified":"2025-06-03T12:20:05","modified_gmt":"2025-06-03T10:20:05","slug":"accueil","status":"publish","type":"page","link":"https:\/\/panlibri.fr\/","title":{"rendered":"Accueil"},"content":{"rendered":"\n<figure class=\"wp-block-image alignright size-full is-resized\"><img loading=\"lazy\" decoding=\"async\" width=\"1024\" height=\"978\" src=\"https:\/\/atelier-du-pandabri.fr\/wp-content\/uploads\/2025\/03\/Sujet-1.png\" alt=\"\" class=\"wp-image-401\" style=\"width:170px;height:auto\" srcset=\"https:\/\/panlibri.fr\/wp-content\/uploads\/2025\/03\/Sujet-1.png 1024w, https:\/\/panlibri.fr\/wp-content\/uploads\/2025\/03\/Sujet-1-300x287.png 300w\" sizes=\"auto, (max-width: 1024px) 100vw, 1024px\" \/><\/figure>\n\n\n\n<p class=\"has-medium-font-size\">Bienvenue dans l\u2019atelier du Panlibri !<\/p>\n\n\n\n<p class=\"has-medium-font-size\">Ici, tout n\u2019est que cr\u00e9ativit\u00e9 et bienveillance, bonne humeur, apprentissage et expression.<\/p>\n\n\n\n<figure class=\"wp-block-image alignleft size-full is-resized\"><img loading=\"lazy\" decoding=\"async\" width=\"1024\" height=\"1024\" src=\"https:\/\/atelier-du-pandabri.fr\/wp-content\/uploads\/2025\/03\/828F590F-8AFE-49F1-8227-30F14E5D7080.webp\" alt=\"\" class=\"wp-image-346\" style=\"width:197px;height:auto\" srcset=\"https:\/\/panlibri.fr\/wp-content\/uploads\/2025\/03\/828F590F-8AFE-49F1-8227-30F14E5D7080.webp 1024w, https:\/\/panlibri.fr\/wp-content\/uploads\/2025\/03\/828F590F-8AFE-49F1-8227-30F14E5D7080-300x300.webp 300w, https:\/\/panlibri.fr\/wp-content\/uploads\/2025\/03\/828F590F-8AFE-49F1-8227-30F14E5D7080-150x150.webp 150w\" sizes=\"auto, (max-width: 1024px) 100vw, 1024px\" \/><\/figure>\n\n\n\n<p class=\"has-medium-font-size\">La douceur du panda roux alli\u00e9e au dynamisme du colibri, c\u2019est ce qui a donn\u00e9 naissance au Panlibri et \u00e0 son univers.<\/p>\n\n\n\n<p class=\"has-medium-font-size\">Dans cet espace, vous trouverez toutes les actions que j\u2019ai voulu mettre au point pour aider tous les enfants &#8211; atypiques ou non &#8211; \u00e0 d\u00e9couvrir et \u00e0 s\u2019\u00e9panouir. <\/p>\n\n\n\n<p class=\"has-medium-font-size\">Je vous laisse parcourir les quelques pages des \u00e9pop\u00e9es que je vous propose pour en d\u00e9couvrir davantage.<\/p>\n\n\n\n<div style=\"height:40px\" aria-hidden=\"true\" class=\"wp-block-spacer\"><\/div>\n\n\n\n<div class=\"wp-block-buttons is-content-justification-center is-layout-flex wp-container-core-buttons-is-layout-a89b3969 wp-block-buttons-is-layout-flex\">\n<div class=\"wp-block-button is-style-outline is-style-outline--1\"><a class=\"wp-block-button__link wp-element-button\" href=\"https:\/\/panlibri.fr\/?page_id=191\">Besoin d\u2019en savoir plus sur moi ? Cliquez ici.<\/a><\/div>\n<\/div>\n\n\n\n<div style=\"height:40px\" aria-hidden=\"true\" class=\"wp-block-spacer\"><\/div>\n\n\n\n<p><\/p>\n","protected":false},"excerpt":{"rendered":"<p>Bienvenue dans l\u2019atelier du Panlibri ! Ici, tout n\u2019est que cr\u00e9ativit\u00e9 et bienveillance, bonne humeur, apprentissage et expression. La douceur du panda roux alli\u00e9e au dynamisme du colibri, c\u2019est ce qui a donn\u00e9 naissance au Panlibri et \u00e0 son univers. Dans cet espace, vous trouverez toutes les actions que j\u2019ai voulu mettre au point pour &hellip; <\/p>\n<p class=\"link-more\"><a href=\"https:\/\/panlibri.fr\/\" class=\"more-link\">Lire la suite de<span class=\"screen-reader-text\">\u00ab\u00a0Accueil\u00a0\u00bb<\/span><\/a><\/p>\n","protected":false},"author":1,"featured_media":0,"parent":0,"menu_order":0,"comment_status":"closed","ping_status":"closed","template":"","meta":{"footnotes":""},"class_list":["post-267","page","type-page","status-publish","hentry"],"_links":{"self":[{"href":"https:\/\/panlibri.fr\/index.php?rest_route=\/wp\/v2\/pages\/267","targetHints":{"allow":["GET"]}}],"collection":[{"href":"https:\/\/panlibri.fr\/index.php?rest_route=\/wp\/v2\/pages"}],"about":[{"href":"https:\/\/panlibri.fr\/index.php?rest_route=\/wp\/v2\/types\/page"}],"author":[{"embeddable":true,"href":"https:\/\/panlibri.fr\/index.php?rest_route=\/wp\/v2\/users\/1"}],"replies":[{"embeddable":true,"href":"https:\/\/panlibri.fr\/index.php?rest_route=%2Fwp%2Fv2%2Fcomments&post=267"}],"version-history":[{"count":9,"href":"https:\/\/panlibri.fr\/index.php?rest_route=\/wp\/v2\/pages\/267\/revisions"}],"predecessor-version":[{"id":506,"href":"https:\/\/panlibri.fr\/index.php?rest_route=\/wp\/v2\/pages\/267\/revisions\/506"}],"wp:attachment":[{"href":"https:\/\/panlibri.fr\/index.php?rest_route=%2Fwp%2Fv2%2Fmedia&parent=267"}],"curies":[{"name":"wp","href":"https:\/\/api.w.org\/{rel}","templated":true}]}}