{"id":249,"date":"2024-11-10T13:44:02","date_gmt":"2024-11-10T13:44:02","guid":{"rendered":"https:\/\/calliotech.fr\/?page_id=249"},"modified":"2025-06-03T12:11:29","modified_gmt":"2025-06-03T10:11:29","slug":"histoire-geographie","status":"publish","type":"page","link":"https:\/\/panlibri.fr\/?page_id=249","title":{"rendered":"HISTOIRE &#8211; G\u00c9OGRAPHIE"},"content":{"rendered":"\n<p><\/p>\n\n\n\n<div class=\"wp-block-media-text has-media-on-the-right is-stacked-on-mobile\"><div class=\"wp-block-media-text__content\">\n<p><strong>Histoire, \u00e9criture et calligraphie<\/strong><\/p>\n\n\n\n<p>Pour le plaisir de d\u00e9couvrir les \u00e9critures anciennes, les anciennes calligraphies, d\u2019appr\u00e9hender l\u2019acte d\u2019\u00e9crire autrement, des petits ateliers de calligraphie peuvent \u00eatre coupl\u00e9s avec les ateliers d\u2019\u00e9criture pour un texte final r\u00e9dig\u00e9 en belles lettres avec des outils aussi vari\u00e9s que le calame, la plume en verre\u2026 <\/p>\n\n\n\n<p>POUR LES PRIMAIRES ET LES COLL\u00c9GIENS<\/p>\n<\/div><figure class=\"wp-block-media-text__media\"><img loading=\"lazy\" decoding=\"async\" width=\"1024\" height=\"1024\" src=\"http:\/\/atelier-du-pandabri.fr\/wp-content\/uploads\/2024\/11\/52A1CEBF-011A-43EE-92D9-C455A90941FF.webp\" alt=\"\" class=\"wp-image-180 size-full\" srcset=\"https:\/\/panlibri.fr\/wp-content\/uploads\/2024\/11\/52A1CEBF-011A-43EE-92D9-C455A90941FF.webp 1024w, https:\/\/panlibri.fr\/wp-content\/uploads\/2024\/11\/52A1CEBF-011A-43EE-92D9-C455A90941FF-300x300.webp 300w, https:\/\/panlibri.fr\/wp-content\/uploads\/2024\/11\/52A1CEBF-011A-43EE-92D9-C455A90941FF-150x150.webp 150w, https:\/\/panlibri.fr\/wp-content\/uploads\/2024\/11\/52A1CEBF-011A-43EE-92D9-C455A90941FF-768x768.webp 768w\" sizes=\"auto, (max-width: 1024px) 100vw, 1024px\" \/><\/figure><\/div>\n\n\n\n<div style=\"height:40px\" aria-hidden=\"true\" class=\"wp-block-spacer\"><\/div>\n\n\n\n<hr class=\"wp-block-separator has-alpha-channel-opacity is-style-wide\"\/>\n\n\n\n<div style=\"height:40px\" aria-hidden=\"true\" class=\"wp-block-spacer\"><\/div>\n\n\n\n<div class=\"wp-block-media-text has-media-on-the-right is-stacked-on-mobile\"><div class=\"wp-block-media-text__content\">\n<p><strong>L\u2019Apprendre \u00e0 apprendre\u2026 et l\u2019Histoire<\/strong><\/p>\n\n\n\n<p>Dans cet activit\u00e9, les explication du fonctionnement de cerveau, les d\u00e9couvertes des neurosciences se m\u00ealent aux mises en pratique sur des sujets du programme d\u2019Histoire.<\/p>\n\n\n\n<p>Diff\u00e9rentes techniques d\u2019aide \u00e0 la compr\u00e9hension, \u00e0 la m\u00e9morisation\u2026 sont pr\u00e9sent\u00e9es en fonction du niveau et des sujets.<\/p>\n\n\n\n<p>POUR LES PRIMAIRES ET LES COLL\u00c9GIENS<\/p>\n<\/div><figure class=\"wp-block-media-text__media\"><img loading=\"lazy\" decoding=\"async\" width=\"1024\" height=\"1024\" src=\"http:\/\/atelier-du-pandabri.fr\/wp-content\/uploads\/2024\/11\/8507C110-13D5-4C3B-B719-126190659395.webp\" alt=\"\" class=\"wp-image-172 size-full\" srcset=\"https:\/\/panlibri.fr\/wp-content\/uploads\/2024\/11\/8507C110-13D5-4C3B-B719-126190659395.webp 1024w, https:\/\/panlibri.fr\/wp-content\/uploads\/2024\/11\/8507C110-13D5-4C3B-B719-126190659395-300x300.webp 300w, https:\/\/panlibri.fr\/wp-content\/uploads\/2024\/11\/8507C110-13D5-4C3B-B719-126190659395-150x150.webp 150w, https:\/\/panlibri.fr\/wp-content\/uploads\/2024\/11\/8507C110-13D5-4C3B-B719-126190659395-768x768.webp 768w\" sizes=\"auto, (max-width: 1024px) 100vw, 1024px\" \/><\/figure><\/div>\n\n\n\n<div style=\"height:40px\" aria-hidden=\"true\" class=\"wp-block-spacer\"><\/div>\n\n\n\n<hr class=\"wp-block-separator has-alpha-channel-opacity is-style-wide\"\/>\n\n\n\n<div style=\"height:40px\" aria-hidden=\"true\" class=\"wp-block-spacer\"><\/div>\n\n\n\n<div class=\"wp-block-media-text is-stacked-on-mobile\"><figure class=\"wp-block-media-text__media\"><img loading=\"lazy\" decoding=\"async\" width=\"1024\" height=\"1024\" src=\"http:\/\/atelier-du-pandabri.fr\/wp-content\/uploads\/2024\/11\/226EFBF4-88D5-4C83-B24F-4E106E4C53BE.webp\" alt=\"\" class=\"wp-image-170 size-full\" srcset=\"https:\/\/panlibri.fr\/wp-content\/uploads\/2024\/11\/226EFBF4-88D5-4C83-B24F-4E106E4C53BE.webp 1024w, https:\/\/panlibri.fr\/wp-content\/uploads\/2024\/11\/226EFBF4-88D5-4C83-B24F-4E106E4C53BE-300x300.webp 300w, https:\/\/panlibri.fr\/wp-content\/uploads\/2024\/11\/226EFBF4-88D5-4C83-B24F-4E106E4C53BE-150x150.webp 150w, https:\/\/panlibri.fr\/wp-content\/uploads\/2024\/11\/226EFBF4-88D5-4C83-B24F-4E106E4C53BE-768x768.webp 768w\" sizes=\"auto, (max-width: 1024px) 100vw, 1024px\" \/><\/figure><div class=\"wp-block-media-text__content\">\n<p><strong>Mind mapping et \u00e9criture <\/strong><\/p>\n\n\n\n<p>Comment organis\u00e9 ses pens\u00e9es ? Un r\u00e9cit ? Un texte long ? Une dissertation ?<\/p>\n\n\n\n<p>Avec cette proposition coupl\u00e9e d\u2019initiation \u00e0 la carte mentale et \u00e0 l\u2019\u00e9criture d\u2019invention, les deux peuvent se compl\u00e9ter et ouvrir de nouveaux champs \u00e0 vos \u00e9l\u00e8ves ?<\/p>\n\n\n\n<p>Des \u00e9l\u00e8ves mal \u00e0 l\u2019aise avec la carte mentale ? Qu\u2019\u00e0 cela ne tienne, le sketchnoting et d\u2019autres alternatives peuvent \u00eatre propos\u00e9es.<\/p>\n\n\n\n<p>\u00c0 PARTIR DU CM1<\/p>\n<\/div><\/div>\n\n\n\n<div style=\"height:40px\" aria-hidden=\"true\" class=\"wp-block-spacer\"><\/div>\n\n\n\n<hr class=\"wp-block-separator has-alpha-channel-opacity is-style-wide\"\/>\n\n\n\n<div style=\"height:40px\" aria-hidden=\"true\" class=\"wp-block-spacer\"><\/div>\n\n\n\n<div class=\"wp-block-media-text has-media-on-the-right is-stacked-on-mobile\"><div class=\"wp-block-media-text__content\">\n<p><strong>L\u2019Histoire, les livres et les outils de pens\u00e9e visuelle\u2026<\/strong><\/p>\n\n\n\n<p>Pour les primaires, mais surtout pour les coll\u00e9giens, le programme d\u2019Histoire peut \u00eatre un point de d\u00e9part pour la lecture, l\u2019apprentissage du mind mapping ou du sketchnoting.<\/p>\n\n\n\n<p>Le programme peut \u00eatre modulable avec :<\/p>\n\n\n\n<ul class=\"wp-block-list\">\n<li>La lecture d\u2019un livre \u00e9clairant de fa\u00e7on particuli\u00e8re le programme d\u2019Histoire <\/li>\n\n\n\n<li>Des activit\u00e9s sur le livre<\/li>\n\n\n\n<li>L\u2019utilisation du mind mapping pour mieux comprendre comment le livre s\u2019articule avec le programme <\/li>\n\n\n\n<li>La confection d\u2019affiches-sketchnotes sur les th\u00e8mes du livre et du programme<\/li>\n\n\n\n<li>Pourquoi pas la mise en place d\u2019un petit atelier d\u2019\u00e9criture ou d\u2019un enregistrement de podcasts pour approfondir ces sujets<\/li>\n<\/ul>\n\n\n\n<p>POUR LES PRIMAIRES ET LES COLL\u00c9GIENS<\/p>\n<\/div><figure class=\"wp-block-media-text__media\"><img loading=\"lazy\" decoding=\"async\" width=\"1024\" height=\"1024\" src=\"http:\/\/atelier-du-pandabri.fr\/wp-content\/uploads\/2024\/11\/5F4960F2-BE93-4621-8016-E1615FF74DCC.webp\" alt=\"\" class=\"wp-image-169 size-full\" srcset=\"https:\/\/panlibri.fr\/wp-content\/uploads\/2024\/11\/5F4960F2-BE93-4621-8016-E1615FF74DCC.webp 1024w, https:\/\/panlibri.fr\/wp-content\/uploads\/2024\/11\/5F4960F2-BE93-4621-8016-E1615FF74DCC-300x300.webp 300w, https:\/\/panlibri.fr\/wp-content\/uploads\/2024\/11\/5F4960F2-BE93-4621-8016-E1615FF74DCC-150x150.webp 150w, https:\/\/panlibri.fr\/wp-content\/uploads\/2024\/11\/5F4960F2-BE93-4621-8016-E1615FF74DCC-768x768.webp 768w\" sizes=\"auto, (max-width: 1024px) 100vw, 1024px\" \/><\/figure><\/div>\n\n\n\n<div style=\"height:40px\" aria-hidden=\"true\" class=\"wp-block-spacer\"><\/div>\n\n\n\n<hr class=\"wp-block-separator has-alpha-channel-opacity is-style-wide\"\/>\n\n\n\n<div style=\"height:40px\" aria-hidden=\"true\" class=\"wp-block-spacer\"><\/div>\n\n\n\n<div class=\"wp-block-media-text is-stacked-on-mobile\"><figure class=\"wp-block-media-text__media\"><img loading=\"lazy\" decoding=\"async\" width=\"1024\" height=\"1024\" src=\"http:\/\/atelier-du-pandabri.fr\/wp-content\/uploads\/2024\/10\/4008FEE4-9726-49FB-96D4-53FDC0C86530.webp\" alt=\"\" class=\"wp-image-137 size-full\" srcset=\"https:\/\/panlibri.fr\/wp-content\/uploads\/2024\/10\/4008FEE4-9726-49FB-96D4-53FDC0C86530.webp 1024w, https:\/\/panlibri.fr\/wp-content\/uploads\/2024\/10\/4008FEE4-9726-49FB-96D4-53FDC0C86530-300x300.webp 300w, https:\/\/panlibri.fr\/wp-content\/uploads\/2024\/10\/4008FEE4-9726-49FB-96D4-53FDC0C86530-150x150.webp 150w, https:\/\/panlibri.fr\/wp-content\/uploads\/2024\/10\/4008FEE4-9726-49FB-96D4-53FDC0C86530-768x768.webp 768w\" sizes=\"auto, (max-width: 1024px) 100vw, 1024px\" \/><\/figure><div class=\"wp-block-media-text__content\">\n<p><strong>\u00c9criture de cours ou d\u2019expos\u00e9s avec r\u00e9alisation d\u2019un podcast<\/strong><\/p>\n\n\n\n<p>Apr\u00e8s l\u2019aboutissement des ateliers d\u2019\u00e9criture quels qu\u2019ils soient, il est possible de mettre en place un podcast mettant en sc\u00e8ne tour \u00e0 tour les histoires \u00e9crites par les \u00e9l\u00e8ves.<\/p>\n\n\n\n<p>POUR LES PRIMAIRES ET LES COLL\u00c9GIENS<\/p>\n<\/div><\/div>\n\n\n\n<div style=\"height:41px\" aria-hidden=\"true\" class=\"wp-block-spacer\"><\/div>\n\n\n\n<div class=\"wp-block-buttons is-content-justification-center is-layout-flex wp-container-core-buttons-is-layout-a89b3969 wp-block-buttons-is-layout-flex\">\n<div class=\"wp-block-button\"><a class=\"wp-block-button__link wp-element-button\" href=\"https:\/\/panlibri.fr\/?page_id=298\">Contact, conditions, tarifs\u2026<\/a><\/div>\n<\/div>\n\n\n\n<div style=\"height:40px\" aria-hidden=\"true\" class=\"wp-block-spacer\"><\/div>\n","protected":false},"excerpt":{"rendered":"<p>Histoire, \u00e9criture et calligraphie Pour le plaisir de d\u00e9couvrir les \u00e9critures anciennes, les anciennes calligraphies, d\u2019appr\u00e9hender l\u2019acte d\u2019\u00e9crire autrement, des petits ateliers de calligraphie peuvent \u00eatre coupl\u00e9s avec les ateliers d\u2019\u00e9criture pour un texte final r\u00e9dig\u00e9 en belles lettres avec des outils aussi vari\u00e9s que le calame, la plume en verre\u2026 POUR LES PRIMAIRES ET &hellip; <\/p>\n<p class=\"link-more\"><a href=\"https:\/\/panlibri.fr\/?page_id=249\" class=\"more-link\">Lire la suite de<span class=\"screen-reader-text\">\u00ab\u00a0HISTOIRE &#8211; G\u00c9OGRAPHIE\u00a0\u00bb<\/span><\/a><\/p>\n","protected":false},"author":1,"featured_media":0,"parent":0,"menu_order":0,"comment_status":"closed","ping_status":"closed","template":"","meta":{"footnotes":""},"class_list":["post-249","page","type-page","status-publish","hentry"],"_links":{"self":[{"href":"https:\/\/panlibri.fr\/index.php?rest_route=\/wp\/v2\/pages\/249","targetHints":{"allow":["GET"]}}],"collection":[{"href":"https:\/\/panlibri.fr\/index.php?rest_route=\/wp\/v2\/pages"}],"about":[{"href":"https:\/\/panlibri.fr\/index.php?rest_route=\/wp\/v2\/types\/page"}],"author":[{"embeddable":true,"href":"https:\/\/panlibri.fr\/index.php?rest_route=\/wp\/v2\/users\/1"}],"replies":[{"embeddable":true,"href":"https:\/\/panlibri.fr\/index.php?rest_route=%2Fwp%2Fv2%2Fcomments&post=249"}],"version-history":[{"count":2,"href":"https:\/\/panlibri.fr\/index.php?rest_route=\/wp\/v2\/pages\/249\/revisions"}],"predecessor-version":[{"id":505,"href":"https:\/\/panlibri.fr\/index.php?rest_route=\/wp\/v2\/pages\/249\/revisions\/505"}],"wp:attachment":[{"href":"https:\/\/panlibri.fr\/index.php?rest_route=%2Fwp%2Fv2%2Fmedia&parent=249"}],"curies":[{"name":"wp","href":"https:\/\/api.w.org\/{rel}","templated":true}]}}