{"id":245,"date":"2024-11-10T11:43:31","date_gmt":"2024-11-10T11:43:31","guid":{"rendered":"https:\/\/calliotech.fr\/?page_id=245"},"modified":"2025-06-03T12:10:12","modified_gmt":"2025-06-03T10:10:12","slug":"apprendre-a-apprendre","status":"publish","type":"page","link":"https:\/\/panlibri.fr\/?page_id=245","title":{"rendered":"APPRENDRE \u00c0 APPRENDRE"},"content":{"rendered":"\n<p><\/p>\n\n\n\n<div class=\"wp-block-media-text has-media-on-the-right is-stacked-on-mobile\"><div class=\"wp-block-media-text__content\">\n<p><strong>L\u2019Apprendre \u00e0 apprendre\u2026 et l\u2019Histoire<\/strong><\/p>\n\n\n\n<p>Dans cet activit\u00e9, les explication du fonctionnement de cerveau, les d\u00e9couvertes des neurosciences se m\u00ealent aux mises en pratique sur des sujets du programme d\u2019Histoire.<\/p>\n\n\n\n<p>Diff\u00e9rentes techniques d\u2019aide \u00e0 la compr\u00e9hension, \u00e0 la m\u00e9morisation\u2026 sont pr\u00e9sent\u00e9es en fonction du niveau et des sujets.<\/p>\n\n\n\n<p>POUR LES PRIMAIRES ET LES COLL\u00c9GIENS<\/p>\n<\/div><figure class=\"wp-block-media-text__media\"><img loading=\"lazy\" decoding=\"async\" width=\"1024\" height=\"1024\" src=\"http:\/\/atelier-du-pandabri.fr\/wp-content\/uploads\/2024\/11\/8507C110-13D5-4C3B-B719-126190659395.webp\" alt=\"\" class=\"wp-image-172 size-full\" srcset=\"https:\/\/panlibri.fr\/wp-content\/uploads\/2024\/11\/8507C110-13D5-4C3B-B719-126190659395.webp 1024w, https:\/\/panlibri.fr\/wp-content\/uploads\/2024\/11\/8507C110-13D5-4C3B-B719-126190659395-300x300.webp 300w, https:\/\/panlibri.fr\/wp-content\/uploads\/2024\/11\/8507C110-13D5-4C3B-B719-126190659395-150x150.webp 150w, https:\/\/panlibri.fr\/wp-content\/uploads\/2024\/11\/8507C110-13D5-4C3B-B719-126190659395-768x768.webp 768w\" sizes=\"auto, (max-width: 1024px) 100vw, 1024px\" \/><\/figure><\/div>\n\n\n\n<div style=\"height:40px\" aria-hidden=\"true\" class=\"wp-block-spacer\"><\/div>\n\n\n\n<hr class=\"wp-block-separator has-alpha-channel-opacity is-style-wide\"\/>\n\n\n\n<div style=\"height:40px\" aria-hidden=\"true\" class=\"wp-block-spacer\"><\/div>\n\n\n\n<div class=\"wp-block-media-text is-stacked-on-mobile\"><figure class=\"wp-block-media-text__media\"><img loading=\"lazy\" decoding=\"async\" width=\"1024\" height=\"1024\" src=\"http:\/\/atelier-du-pandabri.fr\/wp-content\/uploads\/2024\/11\/3252E134-FE62-4AD4-AFAA-6D3520EE790F.webp\" alt=\"\" class=\"wp-image-173 size-full\" srcset=\"https:\/\/panlibri.fr\/wp-content\/uploads\/2024\/11\/3252E134-FE62-4AD4-AFAA-6D3520EE790F.webp 1024w, https:\/\/panlibri.fr\/wp-content\/uploads\/2024\/11\/3252E134-FE62-4AD4-AFAA-6D3520EE790F-300x300.webp 300w, https:\/\/panlibri.fr\/wp-content\/uploads\/2024\/11\/3252E134-FE62-4AD4-AFAA-6D3520EE790F-150x150.webp 150w, https:\/\/panlibri.fr\/wp-content\/uploads\/2024\/11\/3252E134-FE62-4AD4-AFAA-6D3520EE790F-768x768.webp 768w\" sizes=\"auto, (max-width: 1024px) 100vw, 1024px\" \/><\/figure><div class=\"wp-block-media-text__content\">\n<p><strong>L\u2019apprendre \u00e0 apprendre et les \u00e9motions<\/strong><\/p>\n\n\n\n<p>Cette activit\u00e9 a pour but d\u2019expliquer \u00e0 quel point les \u00e9motions sont importantes dans le processus d\u2019apprentissage, pouvant le bloquer ou le favoriser. Cet apport th\u00e9orique se fait gr\u00e2ce et \u00e0 travers des activit\u00e9s permettant l\u2019expression et des \u00e9motions et leur prise en compte dans les apprentissages avec des m\u00e9t\u00e9os des \u00e9motions des ateliers d\u2019\u00e9criture sur la fiert\u00e9, les peurs, le dessin, l\u2019utilisation de la LSF pour exprimer ses sentiments autrement\u2026<\/p>\n\n\n\n<p>POUR LES PRIMAIRES ET LES COLL\u00c9GIENS, SP\u00c9CIALEMENT POUR LES CP AVEC UN FOCUS SUR LES APPRENTISSAGES DE LA LECTURE ET DE L\u2019\u00c9CRITURE<\/p>\n<\/div><\/div>\n\n\n\n<div style=\"height:40px\" aria-hidden=\"true\" class=\"wp-block-spacer\"><\/div>\n\n\n\n<div class=\"wp-block-buttons is-content-justification-center is-layout-flex wp-container-core-buttons-is-layout-a89b3969 wp-block-buttons-is-layout-flex\">\n<div class=\"wp-block-button\"><a class=\"wp-block-button__link wp-element-button\" href=\"https:\/\/panlibri.fr\/?page_id=298\">Contact, conditions, tarifs\u2026<\/a><\/div>\n<\/div>\n\n\n\n<div style=\"height:40px\" aria-hidden=\"true\" class=\"wp-block-spacer\"><\/div>\n","protected":false},"excerpt":{"rendered":"<p>L\u2019Apprendre \u00e0 apprendre\u2026 et l\u2019Histoire Dans cet activit\u00e9, les explication du fonctionnement de cerveau, les d\u00e9couvertes des neurosciences se m\u00ealent aux mises en pratique sur des sujets du programme d\u2019Histoire. Diff\u00e9rentes techniques d\u2019aide \u00e0 la compr\u00e9hension, \u00e0 la m\u00e9morisation\u2026 sont pr\u00e9sent\u00e9es en fonction du niveau et des sujets. POUR LES PRIMAIRES ET LES COLL\u00c9GIENS L\u2019apprendre &hellip; <\/p>\n<p class=\"link-more\"><a href=\"https:\/\/panlibri.fr\/?page_id=245\" class=\"more-link\">Lire la suite de<span class=\"screen-reader-text\">\u00ab\u00a0APPRENDRE \u00c0 APPRENDRE\u00a0\u00bb<\/span><\/a><\/p>\n","protected":false},"author":1,"featured_media":0,"parent":0,"menu_order":0,"comment_status":"closed","ping_status":"closed","template":"","meta":{"footnotes":""},"class_list":["post-245","page","type-page","status-publish","hentry"],"_links":{"self":[{"href":"https:\/\/panlibri.fr\/index.php?rest_route=\/wp\/v2\/pages\/245","targetHints":{"allow":["GET"]}}],"collection":[{"href":"https:\/\/panlibri.fr\/index.php?rest_route=\/wp\/v2\/pages"}],"about":[{"href":"https:\/\/panlibri.fr\/index.php?rest_route=\/wp\/v2\/types\/page"}],"author":[{"embeddable":true,"href":"https:\/\/panlibri.fr\/index.php?rest_route=\/wp\/v2\/users\/1"}],"replies":[{"embeddable":true,"href":"https:\/\/panlibri.fr\/index.php?rest_route=%2Fwp%2Fv2%2Fcomments&post=245"}],"version-history":[{"count":2,"href":"https:\/\/panlibri.fr\/index.php?rest_route=\/wp\/v2\/pages\/245\/revisions"}],"predecessor-version":[{"id":503,"href":"https:\/\/panlibri.fr\/index.php?rest_route=\/wp\/v2\/pages\/245\/revisions\/503"}],"wp:attachment":[{"href":"https:\/\/panlibri.fr\/index.php?rest_route=%2Fwp%2Fv2%2Fmedia&parent=245"}],"curies":[{"name":"wp","href":"https:\/\/api.w.org\/{rel}","templated":true}]}}