{"id":231,"date":"2024-11-10T11:02:16","date_gmt":"2024-11-10T11:02:16","guid":{"rendered":"https:\/\/calliotech.fr\/?page_id=231"},"modified":"2025-08-24T16:22:42","modified_gmt":"2025-08-24T14:22:42","slug":"competences-psychosociales-cnv","status":"publish","type":"page","link":"https:\/\/panlibri.fr\/?page_id=231","title":{"rendered":"Comp\u00e9tences psychosociales &#8211; CNV"},"content":{"rendered":"\n<div class=\"wp-block-media-text is-stacked-on-mobile\"><figure class=\"wp-block-media-text__media\"><img loading=\"lazy\" decoding=\"async\" width=\"683\" height=\"1024\" src=\"https:\/\/panlibri.fr\/wp-content\/uploads\/2025\/08\/IMG_1530-683x1024.jpeg\" alt=\"\" class=\"wp-image-544 size-full\" srcset=\"https:\/\/panlibri.fr\/wp-content\/uploads\/2025\/08\/IMG_1530-683x1024.jpeg 683w, https:\/\/panlibri.fr\/wp-content\/uploads\/2025\/08\/IMG_1530-200x300.jpeg 200w, https:\/\/panlibri.fr\/wp-content\/uploads\/2025\/08\/IMG_1530.jpeg 800w\" sizes=\"auto, (max-width: 683px) 100vw, 683px\" \/><\/figure><div class=\"wp-block-media-text__content\">\n<p><strong>\u00c0 la d\u00e9couverte de la Communication Non Violente<\/strong><\/p>\n\n\n\n<p>Form\u00e9e en Communication Non Violente, je propose \u00e0 vos classes, vos enfants, de d\u00e9couvrir les bases de la CNV, d\u2019apprendre \u00e0 exprimer leurs \u00e9motions sans jugement, \u00e0 analyser des situations v\u00e9cues pour trouver les besoins satisfaits ou non satisfaits, \u00e0 faire des demandes pleines de bienveillance pour se sentir bien tout en respectant les besoins des autres.<\/p>\n\n\n\n<p>Le outils utilis\u00e9s pour tout cela ? Des histoires racontant la CNV, des ateliers de dessins des \u00e9motions, des marelles de la CNV, conseils de groupe\u2026<\/p>\n\n\n\n<p>AJUSTEMENT FAIT EN FONCTION DES DEMANDES, DES \u00c2GES\u2026<\/p>\n<\/div><\/div>\n\n\n\n<div style=\"height:39px\" aria-hidden=\"true\" class=\"wp-block-spacer\"><\/div>\n\n\n\n<hr class=\"wp-block-separator has-alpha-channel-opacity is-style-wide\"\/>\n\n\n\n<div style=\"height:39px\" aria-hidden=\"true\" class=\"wp-block-spacer\"><\/div>\n\n\n\n<div class=\"wp-block-media-text is-stacked-on-mobile\"><figure class=\"wp-block-media-text__media\"><img loading=\"lazy\" decoding=\"async\" width=\"717\" height=\"1024\" src=\"http:\/\/atelier-du-pandabri.fr\/wp-content\/uploads\/2024\/10\/IMG_8615-717x1024.jpeg\" alt=\"\" class=\"wp-image-118 size-full\" srcset=\"https:\/\/panlibri.fr\/wp-content\/uploads\/2024\/10\/IMG_8615-717x1024.jpeg 717w, https:\/\/panlibri.fr\/wp-content\/uploads\/2024\/10\/IMG_8615-210x300.jpeg 210w, https:\/\/panlibri.fr\/wp-content\/uploads\/2024\/10\/IMG_8615-768x1097.jpeg 768w, https:\/\/panlibri.fr\/wp-content\/uploads\/2024\/10\/IMG_8615.jpeg 1023w\" sizes=\"auto, (max-width: 717px) 100vw, 717px\" \/><\/figure><div class=\"wp-block-media-text__content\">\n<p><strong>Atelier d\u2019\u00e9criture sur les \u00e9motions (CP, CE1 ou CE2)<\/strong><\/p>\n\n\n\n<p>\u00c0 partir de la lecture de \u00ab&nbsp;L\u2019\u00e9cole des \u00e9motions&nbsp;\u00bb, la classe est amen\u00e9e \u00e0 d\u00e9couvrir les diff\u00e9rentes \u00e9motions. <\/p>\n\n\n\n<p>Plusieurs activit\u00e9s peuvent propos\u00e9es au choix :<\/p>\n\n\n\n<ul class=\"wp-block-list\">\n<li>Livre \u00e0 compl\u00e9ter pour les plus jeunes<\/li>\n\n\n\n<li>Fabriquer des cartes des \u00e9motions<\/li>\n\n\n\n<li>\u00c9criture de listes sur \u00ab&nbsp;mes peurs ou mes fiert\u00e9s&nbsp;\u00bb<\/li>\n\n\n\n<li>\u00ab&nbsp;Faire la liste de mes petits bonheur&nbsp;\u00bb<\/li>\n\n\n\n<li>Dessiner un de ces bonheurs <\/li>\n\n\n\n<li>Mimes des \u00e9motions<\/li>\n\n\n\n<li>Petite pi\u00e8ce \u00e0 \u00e9laborer sur les \u00e9motions<\/li>\n\n\n\n<li>Dessin sur les \u00e9motions <\/li>\n\n\n\n<li>Fabrication d\u2019un petit livret<\/li>\n\n\n\n<li>Atelier d\u2019\u00e9criture plus pouss\u00e9 : r\u00e9daction d\u2019une histoire o\u00f9 les \u00e9motions ont un r\u00f4le central.<\/li>\n<\/ul>\n\n\n\n<p>POUR LE CYCLE 2<\/p>\n<\/div><\/div>\n\n\n\n<div style=\"height:40px\" aria-hidden=\"true\" class=\"wp-block-spacer\"><\/div>\n\n\n\n<hr class=\"wp-block-separator has-alpha-channel-opacity is-style-wide\"\/>\n\n\n\n<div style=\"height:40px\" aria-hidden=\"true\" class=\"wp-block-spacer\"><\/div>\n\n\n\n<div class=\"wp-block-media-text is-stacked-on-mobile\"><figure class=\"wp-block-media-text__media\"><img loading=\"lazy\" decoding=\"async\" width=\"728\" height=\"636\" src=\"http:\/\/atelier-du-pandabri.fr\/wp-content\/uploads\/2024\/10\/IMG_8616.jpeg\" alt=\"\" class=\"wp-image-122 size-full\" srcset=\"https:\/\/panlibri.fr\/wp-content\/uploads\/2024\/10\/IMG_8616.jpeg 728w, https:\/\/panlibri.fr\/wp-content\/uploads\/2024\/10\/IMG_8616-300x262.jpeg 300w\" sizes=\"auto, (max-width: 728px) 100vw, 728px\" \/><\/figure><div class=\"wp-block-media-text__content\">\n<p><strong>Atelier d\u2019\u00e9criture sur les \u00e9motions avec d\u00e9couverte de la LSF (CP, CE1 et CE2)<\/strong><\/p>\n\n\n\n<p>\u00c0 partir de la lecture d\u2019un livre adapt\u00e9 aux personnes malentendantes, plusieurs activit\u00e9s autour des \u00e9motions et de l\u2019\u00e9criture peuvent \u00eatre propos\u00e9es : <\/p>\n\n\n\n<ul class=\"wp-block-list\">\n<li>Fabriquer des cartes des \u00e9motions<\/li>\n\n\n\n<li>Fabrication d\u2019un petit livret<\/li>\n\n\n\n<li>Mimes des \u00e9motions<\/li>\n\n\n\n<li>Petite pi\u00e8ce \u00e0 \u00e9laborer sur les \u00e9motions<\/li>\n\n\n\n<li>Atelier d\u2019\u00e9criture plus pouss\u00e9 : r\u00e9daction d\u2019une histoire o\u00f9 les \u00e9motions ont un r\u00f4le central.<\/li>\n<\/ul>\n\n\n\n<p>POUR LE CYCLE 2<\/p>\n\n\n\n<div class=\"wp-block-buttons is-content-justification-center is-layout-flex wp-container-core-buttons-is-layout-a89b3969 wp-block-buttons-is-layout-flex\">\n<div class=\"wp-block-button is-style-outline is-style-outline--1\"><a class=\"wp-block-button__link wp-element-button\" href=\"https:\/\/panlibri.fr\/?page_id=289\">Pourquoi la langue des signes ?<\/a><\/div>\n<\/div>\n<\/div><\/div>\n\n\n\n<div style=\"height:40px\" aria-hidden=\"true\" class=\"wp-block-spacer\"><\/div>\n\n\n\n<hr class=\"wp-block-separator has-alpha-channel-opacity is-style-wide\"\/>\n\n\n\n<div style=\"height:40px\" aria-hidden=\"true\" class=\"wp-block-spacer\"><\/div>\n\n\n\n<div class=\"wp-block-media-text is-stacked-on-mobile\"><figure class=\"wp-block-media-text__media\"><img loading=\"lazy\" decoding=\"async\" width=\"1024\" height=\"1024\" src=\"http:\/\/atelier-du-pandabri.fr\/wp-content\/uploads\/2024\/11\/3252E134-FE62-4AD4-AFAA-6D3520EE790F.webp\" alt=\"\" class=\"wp-image-173 size-full\" srcset=\"https:\/\/panlibri.fr\/wp-content\/uploads\/2024\/11\/3252E134-FE62-4AD4-AFAA-6D3520EE790F.webp 1024w, https:\/\/panlibri.fr\/wp-content\/uploads\/2024\/11\/3252E134-FE62-4AD4-AFAA-6D3520EE790F-300x300.webp 300w, https:\/\/panlibri.fr\/wp-content\/uploads\/2024\/11\/3252E134-FE62-4AD4-AFAA-6D3520EE790F-150x150.webp 150w, https:\/\/panlibri.fr\/wp-content\/uploads\/2024\/11\/3252E134-FE62-4AD4-AFAA-6D3520EE790F-768x768.webp 768w\" sizes=\"auto, (max-width: 1024px) 100vw, 1024px\" \/><\/figure><div class=\"wp-block-media-text__content\">\n<p><strong>L\u2019apprendre \u00e0 apprendre et les \u00e9motions<\/strong><\/p>\n\n\n\n<p>Cette activit\u00e9 a pour but d\u2019expliquer \u00e0 quel point les \u00e9motions sont importantes dans le processus d\u2019apprentissage, pouvant le bloquer ou le favoriser. Cet apport th\u00e9orique se fait gr\u00e2ce et \u00e0 travers des activit\u00e9s permettant l\u2019expression et des \u00e9motions et leur prise en compte dans les apprentissages avec des m\u00e9t\u00e9os des \u00e9motions des ateliers d\u2019\u00e9criture sur la fiert\u00e9, les peurs, le dessin, l\u2019utilisation de la LSF pour exprimer ses sentiments autrement\u2026<\/p>\n\n\n\n<p>POUR LES PRIMAIRES ET LES COLL\u00c9GIENS, SP\u00c9CIALEMENT POUR LES CP AVEC UN FOCUS SUR LES APPRENTISSAGES DE LA LECTURE ET DE L\u2019\u00c9CRITURE<\/p>\n<\/div><\/div>\n\n\n\n<div style=\"height:40px\" aria-hidden=\"true\" class=\"wp-block-spacer\"><\/div>\n\n\n\n<hr class=\"wp-block-separator has-alpha-channel-opacity is-style-wide\"\/>\n\n\n\n<div style=\"height:39px\" aria-hidden=\"true\" class=\"wp-block-spacer\"><\/div>\n\n\n\n<div class=\"wp-block-media-text is-stacked-on-mobile\"><figure class=\"wp-block-media-text__media\"><img loading=\"lazy\" decoding=\"async\" width=\"1024\" height=\"585\" src=\"http:\/\/atelier-du-pandabri.fr\/wp-content\/uploads\/2024\/11\/35C97506-FE38-4E1B-8B64-62E993FF2237-1024x585.webp\" alt=\"\" class=\"wp-image-178 size-full\" srcset=\"https:\/\/panlibri.fr\/wp-content\/uploads\/2024\/11\/35C97506-FE38-4E1B-8B64-62E993FF2237-1024x585.webp 1024w, https:\/\/panlibri.fr\/wp-content\/uploads\/2024\/11\/35C97506-FE38-4E1B-8B64-62E993FF2237-300x171.webp 300w, https:\/\/panlibri.fr\/wp-content\/uploads\/2024\/11\/35C97506-FE38-4E1B-8B64-62E993FF2237-768x439.webp 768w, https:\/\/panlibri.fr\/wp-content\/uploads\/2024\/11\/35C97506-FE38-4E1B-8B64-62E993FF2237-1536x878.webp 1536w, https:\/\/panlibri.fr\/wp-content\/uploads\/2024\/11\/35C97506-FE38-4E1B-8B64-62E993FF2237.webp 1792w\" sizes=\"auto, (max-width: 1024px) 100vw, 1024px\" \/><\/figure><div class=\"wp-block-media-text__content\">\n<p><strong>Les histoires, les \u00e9motions et la langue des signes<\/strong><\/p>\n\n\n\n<p>Pour sensibiliser les enfants aux \u00e9motions et \u00e0 leur expression d\u00e8s le plus jeune \u00e2ge, des interventions sont \u00e9galement possibles en cr\u00e8che avec :<\/p>\n\n\n\n<ul class=\"wp-block-list\">\n<li>La mise en place d\u2019un environnement o\u00f9 les \u00e9motions sont pr\u00e9sentes<\/li>\n\n\n\n<li>La lecture de livres sur les \u00e9motions<\/li>\n\n\n\n<li>Des petits spectacles de marionnettes <\/li>\n\n\n\n<li>Mimes<\/li>\n\n\n\n<li>Apprentissage des signes des \u00e9motions \u00e0 partir de la LSF\u2026<\/li>\n\n\n\n<li>\u2026<\/li>\n<\/ul>\n\n\n\n<p>PLUT\u00d4T R\u00c9SERV\u00c9 AUX CR\u00c8CHE ET AUX MATERNELLES, MAIS PEUT \u00caTRE ADAPT\u00c9<\/p>\n\n\n\n<div class=\"wp-block-buttons is-content-justification-center is-layout-flex wp-container-core-buttons-is-layout-a89b3969 wp-block-buttons-is-layout-flex\">\n<div class=\"wp-block-button is-style-outline is-style-outline--2\"><a class=\"wp-block-button__link wp-element-button\" href=\"https:\/\/panlibri.fr\/?page_id=289\">Pourquoi la langue des signes ?<\/a><\/div>\n<\/div>\n<\/div><\/div>\n\n\n\n<div style=\"height:40px\" aria-hidden=\"true\" class=\"wp-block-spacer\"><\/div>\n\n\n\n<hr class=\"wp-block-separator has-alpha-channel-opacity is-style-wide\"\/>\n\n\n\n<div style=\"height:40px\" aria-hidden=\"true\" class=\"wp-block-spacer\"><\/div>\n\n\n\n<div class=\"wp-block-media-text has-media-on-the-right is-stacked-on-mobile\"><div class=\"wp-block-media-text__content\">\n<p><strong>Les ateliers sur les \u00e9motions<\/strong><\/p>\n\n\n\n<p>Il est \u00e9galement possible d\u2019organiser des ateliers sur les \u00e9motions avec : <\/p>\n\n\n\n<ul class=\"wp-block-list\">\n<li>La lecture de livre(s) sur les \u00e9motions<\/li>\n\n\n\n<li>Une lecture sign\u00e9e des \u00e9motions avec apprentissage des signes exprimant les principales \u00e9motions<\/li>\n\n\n\n<li>La fabrication de carte des \u00e9motions <\/li>\n\n\n\n<li>La mise en place de petits spectacles de marionnettes ou de mini-pi\u00e8ces de th\u00e9\u00e2tre<\/li>\n\n\n\n<li>Des ateliers d\u2019\u00e9criture sur les \u00e9motions<\/li>\n\n\n\n<li>\u2026<\/li>\n<\/ul>\n\n\n\n<p>\u00c0 PARTIR DE 2 ANS, EN GROUPE RELATIVEMENT HOMOG\u00c8NES<\/p>\n\n\n\n<p><\/p>\n\n\n\n<div class=\"wp-block-buttons is-content-justification-center is-layout-flex wp-container-core-buttons-is-layout-a89b3969 wp-block-buttons-is-layout-flex\">\n<div class=\"wp-block-button is-style-outline is-style-outline--3\"><a class=\"wp-block-button__link wp-element-button\" href=\"https:\/\/panlibri.fr\/?page_id=289\">Pourquoi la langue des signes ?<\/a><\/div>\n<\/div>\n<\/div><figure class=\"wp-block-media-text__media\"><img loading=\"lazy\" decoding=\"async\" width=\"1024\" height=\"1024\" src=\"http:\/\/atelier-du-pandabri.fr\/wp-content\/uploads\/2024\/11\/162172F7-0CA2-4682-8A66-E268548F9EFE.webp\" alt=\"\" class=\"wp-image-185 size-full\" srcset=\"https:\/\/panlibri.fr\/wp-content\/uploads\/2024\/11\/162172F7-0CA2-4682-8A66-E268548F9EFE.webp 1024w, https:\/\/panlibri.fr\/wp-content\/uploads\/2024\/11\/162172F7-0CA2-4682-8A66-E268548F9EFE-300x300.webp 300w, https:\/\/panlibri.fr\/wp-content\/uploads\/2024\/11\/162172F7-0CA2-4682-8A66-E268548F9EFE-150x150.webp 150w, https:\/\/panlibri.fr\/wp-content\/uploads\/2024\/11\/162172F7-0CA2-4682-8A66-E268548F9EFE-768x768.webp 768w\" sizes=\"auto, (max-width: 1024px) 100vw, 1024px\" \/><\/figure><\/div>\n\n\n\n<div style=\"height:40px\" aria-hidden=\"true\" class=\"wp-block-spacer\"><\/div>\n\n\n\n<hr class=\"wp-block-separator has-alpha-channel-opacity is-style-wide\"\/>\n\n\n\n<div class=\"wp-block-media-text is-stacked-on-mobile\" style=\"grid-template-columns:28% auto\"><figure class=\"wp-block-media-text__media\"><img loading=\"lazy\" decoding=\"async\" width=\"620\" height=\"1024\" src=\"http:\/\/atelier-du-pandabri.fr\/wp-content\/uploads\/2025\/04\/IMG_0927-620x1024.jpeg\" alt=\"\" class=\"wp-image-461 size-full\" srcset=\"https:\/\/panlibri.fr\/wp-content\/uploads\/2025\/04\/IMG_0927-620x1024.jpeg 620w, https:\/\/panlibri.fr\/wp-content\/uploads\/2025\/04\/IMG_0927-182x300.jpeg 182w, https:\/\/panlibri.fr\/wp-content\/uploads\/2025\/04\/IMG_0927.jpeg 815w\" sizes=\"auto, (max-width: 620px) 100vw, 620px\" \/><\/figure><div class=\"wp-block-media-text__content\">\n<p><strong>Cr\u00e9ation d\u2019un carnet d\u2019\u00e9criture<\/strong><\/p>\n\n\n\n<p>Papiers, cartons, colle, cutter, fils\u2026<\/p>\n\n\n\n<p>C\u2019est tout ce qu\u2019il nous faudra en plus d\u2019un peu plus de temps et d\u2019huile de coudes pour r\u00e9aliser de jolis carnets qui donneront envie d\u2019\u00e9crire, de dessiner aux futurs \u00e9crivains en herbe\u2026<\/p>\n\n\n\n<p>Cet atelier peut se mixer avec d\u2019autres propos\u00e9s dans ce site : ateliers d\u2019\u00e9criture, \u00ab&nbsp;autour du livre&nbsp;\u00bb, ateliers sur les \u00e9motions\u2026<\/p>\n<\/div><\/div>\n\n\n\n<div style=\"height:40px\" aria-hidden=\"true\" class=\"wp-block-spacer\"><\/div>\n\n\n\n<div class=\"wp-block-buttons is-content-justification-center is-layout-flex wp-container-core-buttons-is-layout-a89b3969 wp-block-buttons-is-layout-flex\">\n<div class=\"wp-block-button\"><a class=\"wp-block-button__link wp-element-button\" href=\"https:\/\/panlibri.fr\/?page_id=298\">Contact, conditions, tarifs\u2026<\/a><\/div>\n<\/div>\n\n\n\n<div style=\"height:40px\" aria-hidden=\"true\" class=\"wp-block-spacer\"><\/div>\n","protected":false},"excerpt":{"rendered":"<p>\u00c0 la d\u00e9couverte de la Communication Non Violente Form\u00e9e en Communication Non Violente, je propose \u00e0 vos classes, vos enfants, de d\u00e9couvrir les bases de la CNV, d\u2019apprendre \u00e0 exprimer leurs \u00e9motions sans jugement, \u00e0 analyser des situations v\u00e9cues pour trouver les besoins satisfaits ou non satisfaits, \u00e0 faire des demandes pleines de bienveillance pour &hellip; <\/p>\n<p class=\"link-more\"><a href=\"https:\/\/panlibri.fr\/?page_id=231\" class=\"more-link\">Lire la suite de<span class=\"screen-reader-text\">\u00ab\u00a0Comp\u00e9tences psychosociales &#8211; CNV\u00a0\u00bb<\/span><\/a><\/p>\n","protected":false},"author":1,"featured_media":0,"parent":0,"menu_order":0,"comment_status":"closed","ping_status":"closed","template":"","meta":{"footnotes":""},"class_list":["post-231","page","type-page","status-publish","hentry"],"_links":{"self":[{"href":"https:\/\/panlibri.fr\/index.php?rest_route=\/wp\/v2\/pages\/231","targetHints":{"allow":["GET"]}}],"collection":[{"href":"https:\/\/panlibri.fr\/index.php?rest_route=\/wp\/v2\/pages"}],"about":[{"href":"https:\/\/panlibri.fr\/index.php?rest_route=\/wp\/v2\/types\/page"}],"author":[{"embeddable":true,"href":"https:\/\/panlibri.fr\/index.php?rest_route=\/wp\/v2\/users\/1"}],"replies":[{"embeddable":true,"href":"https:\/\/panlibri.fr\/index.php?rest_route=%2Fwp%2Fv2%2Fcomments&post=231"}],"version-history":[{"count":7,"href":"https:\/\/panlibri.fr\/index.php?rest_route=\/wp\/v2\/pages\/231\/revisions"}],"predecessor-version":[{"id":545,"href":"https:\/\/panlibri.fr\/index.php?rest_route=\/wp\/v2\/pages\/231\/revisions\/545"}],"wp:attachment":[{"href":"https:\/\/panlibri.fr\/index.php?rest_route=%2Fwp%2Fv2%2Fmedia&parent=231"}],"curies":[{"name":"wp","href":"https:\/\/api.w.org\/{rel}","templated":true}]}}