{"id":223,"date":"2024-11-10T10:51:07","date_gmt":"2024-11-10T10:51:07","guid":{"rendered":"https:\/\/calliotech.fr\/?page_id=223"},"modified":"2025-08-27T07:16:31","modified_gmt":"2025-08-27T05:16:31","slug":"a-la-lecture","status":"publish","type":"page","link":"https:\/\/panlibri.fr\/?page_id=223","title":{"rendered":"\u00c0 la lecture\u2026"},"content":{"rendered":"\n<p><\/p>\n\n\n\n<div class=\"wp-block-media-text has-media-on-the-right is-stacked-on-mobile\"><div class=\"wp-block-media-text__content\">\n<p><strong>L\u2019Histoire, les livres et les outils de pens\u00e9e visuelle\u2026<\/strong><\/p>\n\n\n\n<p>Pour les primaires, mais surtout pour les coll\u00e9giens, le programme d\u2019Histoire peut \u00eatre un point de d\u00e9part pour la lecture, l\u2019apprentissage du mind mapping ou du sketchnoting.<\/p>\n\n\n\n<p>Le programme peut \u00eatre modulable avec :<\/p>\n\n\n\n<ul class=\"wp-block-list\">\n<li>La lecture d\u2019un livre \u00e9clairant de fa\u00e7on particuli\u00e8re le programme d\u2019Histoire <\/li>\n\n\n\n<li>Des activit\u00e9s sur le livre<\/li>\n\n\n\n<li>L\u2019utilisation du mind mapping pour mieux comprendre comment le livre s\u2019articule avec le programme <\/li>\n\n\n\n<li>La confection d\u2019affiches-sketchnotes sur les th\u00e8mes du livre et du programme<\/li>\n\n\n\n<li>Pourquoi pas la mise en place d\u2019un petit atelier d\u2019\u00e9criture ou d\u2019un enregistrement de podcasts pour approfondir ces sujets<\/li>\n<\/ul>\n\n\n\n<p>POUR LES PRIMAIRES ET LES COLL\u00c9GIENS<\/p>\n<\/div><figure class=\"wp-block-media-text__media\"><img loading=\"lazy\" decoding=\"async\" width=\"1024\" height=\"1024\" src=\"http:\/\/atelier-du-pandabri.fr\/wp-content\/uploads\/2024\/11\/5F4960F2-BE93-4621-8016-E1615FF74DCC.webp\" alt=\"\" class=\"wp-image-169 size-full\" srcset=\"https:\/\/panlibri.fr\/wp-content\/uploads\/2024\/11\/5F4960F2-BE93-4621-8016-E1615FF74DCC.webp 1024w, https:\/\/panlibri.fr\/wp-content\/uploads\/2024\/11\/5F4960F2-BE93-4621-8016-E1615FF74DCC-300x300.webp 300w, https:\/\/panlibri.fr\/wp-content\/uploads\/2024\/11\/5F4960F2-BE93-4621-8016-E1615FF74DCC-150x150.webp 150w, https:\/\/panlibri.fr\/wp-content\/uploads\/2024\/11\/5F4960F2-BE93-4621-8016-E1615FF74DCC-768x768.webp 768w\" sizes=\"auto, (max-width: 1024px) 100vw, 1024px\" \/><\/figure><\/div>\n\n\n\n<div style=\"height:40px\" aria-hidden=\"true\" class=\"wp-block-spacer\"><\/div>\n\n\n\n<hr class=\"wp-block-separator has-alpha-channel-opacity is-style-wide\"\/>\n\n\n\n<div style=\"height:40px\" aria-hidden=\"true\" class=\"wp-block-spacer\"><\/div>\n\n\n\n<div class=\"wp-block-media-text is-stacked-on-mobile\"><figure class=\"wp-block-media-text__media\"><img loading=\"lazy\" decoding=\"async\" width=\"1024\" height=\"1024\" src=\"http:\/\/atelier-du-pandabri.fr\/wp-content\/uploads\/2024\/10\/3414425B-D66D-4F7D-8636-414F96D77620.webp\" alt=\"\" class=\"wp-image-139 size-full\" srcset=\"https:\/\/panlibri.fr\/wp-content\/uploads\/2024\/10\/3414425B-D66D-4F7D-8636-414F96D77620.webp 1024w, https:\/\/panlibri.fr\/wp-content\/uploads\/2024\/10\/3414425B-D66D-4F7D-8636-414F96D77620-300x300.webp 300w, https:\/\/panlibri.fr\/wp-content\/uploads\/2024\/10\/3414425B-D66D-4F7D-8636-414F96D77620-150x150.webp 150w, https:\/\/panlibri.fr\/wp-content\/uploads\/2024\/10\/3414425B-D66D-4F7D-8636-414F96D77620-768x768.webp 768w\" sizes=\"auto, (max-width: 1024px) 100vw, 1024px\" \/><\/figure><div class=\"wp-block-media-text__content\">\n<p><strong>Club de lecture et podcast<\/strong><\/p>\n\n\n\n<p>Lire\u2026 Lire et en parler. <\/p>\n\n\n\n<p>Pour donner le gout de la lecture, rien de mieux que d\u2019en parler, de partager avec les autres ce que l\u2019on a pu d\u00e9couvrir.<\/p>\n\n\n\n<p>Une raison de plus de lire\u2026<\/p>\n\n\n\n<p>POUR LES PRIMAIRES ET LES COLL\u00c9GIENS<\/p>\n<\/div><\/div>\n\n\n\n<div style=\"height:40px\" aria-hidden=\"true\" class=\"wp-block-spacer\"><\/div>\n\n\n\n<hr class=\"wp-block-separator has-alpha-channel-opacity is-style-wide\"\/>\n\n\n\n<div style=\"height:40px\" aria-hidden=\"true\" class=\"wp-block-spacer\"><\/div>\n\n\n\n<div class=\"wp-block-media-text is-stacked-on-mobile\"><figure class=\"wp-block-media-text__media\"><img loading=\"lazy\" decoding=\"async\" width=\"1024\" height=\"585\" src=\"http:\/\/atelier-du-pandabri.fr\/wp-content\/uploads\/2024\/11\/35C97506-FE38-4E1B-8B64-62E993FF2237-1024x585.webp\" alt=\"\" class=\"wp-image-178 size-full\" srcset=\"https:\/\/panlibri.fr\/wp-content\/uploads\/2024\/11\/35C97506-FE38-4E1B-8B64-62E993FF2237-1024x585.webp 1024w, https:\/\/panlibri.fr\/wp-content\/uploads\/2024\/11\/35C97506-FE38-4E1B-8B64-62E993FF2237-300x171.webp 300w, https:\/\/panlibri.fr\/wp-content\/uploads\/2024\/11\/35C97506-FE38-4E1B-8B64-62E993FF2237-768x439.webp 768w, https:\/\/panlibri.fr\/wp-content\/uploads\/2024\/11\/35C97506-FE38-4E1B-8B64-62E993FF2237-1536x878.webp 1536w, https:\/\/panlibri.fr\/wp-content\/uploads\/2024\/11\/35C97506-FE38-4E1B-8B64-62E993FF2237.webp 1792w\" sizes=\"auto, (max-width: 1024px) 100vw, 1024px\" \/><\/figure><div class=\"wp-block-media-text__content\">\n<p><strong>Les histoires, les \u00e9motions et la langue des signes<\/strong><\/p>\n\n\n\n<p>Pour sensibiliser les enfants aux \u00e9motions et \u00e0 leur expression d\u00e8s le plus jeune \u00e2ge, des interventions sont \u00e9galement possibles en cr\u00e8che avec :<\/p>\n\n\n\n<ul class=\"wp-block-list\">\n<li>La mise en place d\u2019un environnement o\u00f9 les \u00e9motions sont pr\u00e9sentes<\/li>\n\n\n\n<li>La lecture de livres sur les \u00e9motions<\/li>\n\n\n\n<li>Des petits spectacles de marionnettes <\/li>\n\n\n\n<li>Mimes<\/li>\n\n\n\n<li>Apprentissage des signes des \u00e9motions \u00e0 partir de la LSF\u2026<\/li>\n\n\n\n<li>\u2026<\/li>\n<\/ul>\n\n\n\n<p>PLUT\u00d4T R\u00c9SERV\u00c9 AUX CR\u00c8CHE ET AUX MATERNELLES, MAIS PEUT \u00caTRE ADAPT\u00c9<\/p>\n<\/div><\/div>\n\n\n\n<div style=\"height:40px\" aria-hidden=\"true\" class=\"wp-block-spacer\"><\/div>\n\n\n\n<hr class=\"wp-block-separator has-alpha-channel-opacity is-style-wide\"\/>\n\n\n\n<div style=\"height:40px\" aria-hidden=\"true\" class=\"wp-block-spacer\"><\/div>\n\n\n\n<div class=\"wp-block-media-text is-stacked-on-mobile\"><figure class=\"wp-block-media-text__media\"><img loading=\"lazy\" decoding=\"async\" width=\"1024\" height=\"1024\" src=\"http:\/\/atelier-du-pandabri.fr\/wp-content\/uploads\/2024\/11\/89AEA938-CDA3-417B-99DF-2FD36D00D296.webp\" alt=\"\" class=\"wp-image-187 size-full\" srcset=\"https:\/\/panlibri.fr\/wp-content\/uploads\/2024\/11\/89AEA938-CDA3-417B-99DF-2FD36D00D296.webp 1024w, https:\/\/panlibri.fr\/wp-content\/uploads\/2024\/11\/89AEA938-CDA3-417B-99DF-2FD36D00D296-300x300.webp 300w, https:\/\/panlibri.fr\/wp-content\/uploads\/2024\/11\/89AEA938-CDA3-417B-99DF-2FD36D00D296-150x150.webp 150w, https:\/\/panlibri.fr\/wp-content\/uploads\/2024\/11\/89AEA938-CDA3-417B-99DF-2FD36D00D296-768x768.webp 768w\" sizes=\"auto, (max-width: 1024px) 100vw, 1024px\" \/><\/figure><div class=\"wp-block-media-text__content\">\n<p><strong>Atelier d\u2019\u00e9criture et calligraphie<\/strong><\/p>\n\n\n\n<p>Pour avoir une exp\u00e9rience de l\u2019\u00e9crit toute diff\u00e9rente, certains ateliers d\u2019\u00e9criture peuvent \u00eatre coupl\u00e9s \u00e0 des ateliers de calligraphie pour des textes \u00e9crits avec des plumes en verre, en m\u00e9tal.. et des \u00e9critures tr\u00e8s diff\u00e9rentes de celles utilis\u00e9es aujourd\u2019hui. <\/p>\n\n\n\n<p>Tout ceci pour un rendu particulier : un texte dont le fond et la forme sont originaux et ne phase pour le plus grand plaisir des enfants qui encha\u00eenent les d\u00e9couvertes et les fa\u00e7ons d\u2019\u00e9crire plus ludiques<\/p>\n\n\n\n<p>Th\u00e8mes possibles :<\/p>\n\n\n\n<ul class=\"wp-block-list\">\n<li>Moyen-\u00c2ge<\/li>\n\n\n\n<li>Futuriste<\/li>\n\n\n\n<li>Espions<\/li>\n\n\n\n<li>\u2026<\/li>\n<\/ul>\n\n\n\n<p>\u00c0 PARTIR DE 8 ANS <\/p>\n<\/div><\/div>\n\n\n\n<div style=\"height:40px\" aria-hidden=\"true\" class=\"wp-block-spacer\"><\/div>\n\n\n\n<hr class=\"wp-block-separator has-alpha-channel-opacity is-style-wide\"\/>\n\n\n\n<div style=\"height:40px\" aria-hidden=\"true\" class=\"wp-block-spacer\"><\/div>\n\n\n\n<div class=\"wp-block-media-text has-media-on-the-right is-stacked-on-mobile\"><div class=\"wp-block-media-text__content\">\n<p><strong>Atelier \u00ab&nbsp;autour du livre&nbsp;\u00bb<\/strong><\/p>\n\n\n\n<p>En partant de la lecture d\u2019un livre pour enfant, cet atelier permet de faire entrer les participants dans le monde des histoires.<\/p>\n\n\n\n<p>Apr\u00e8s la lecture, des petites activit\u00e9s manuelles ou sportives en lien avec le l\u2019\u0153uvre sont mises en place pour leur offrir une belle de immersion dans l\u2019univers cr\u00e9\u00e9 par l\u2019auteur et d\u00e9velopper le go\u00fbt des jeunes pour la lecture.<\/p>\n\n\n\n<p>De nombreux livres possibles :<\/p>\n\n\n\n<ul class=\"wp-block-list\">\n<li><em>Jolie Lune et le secret du vent<\/em> de Ilya Green<\/li>\n\n\n\n<li><em>Arthur et Zazou &#8211; La danse des \u00e9motions<\/em>, de Marine Guittois<\/li>\n\n\n\n<li><em>Un loup si gentil<\/em> de Pascale V\u00e9d\u00e8re d\u2019Auria<\/li>\n\n\n\n<li>\u2026<\/li>\n<\/ul>\n<\/div><figure class=\"wp-block-media-text__media\"><img loading=\"lazy\" decoding=\"async\" width=\"1024\" height=\"1024\" src=\"http:\/\/panlibri.fr\/wp-content\/uploads\/2024\/11\/103519D1-23F2-409B-B414-79FCBCDF6084.webp\" alt=\"\" class=\"wp-image-183 size-full\" srcset=\"https:\/\/panlibri.fr\/wp-content\/uploads\/2024\/11\/103519D1-23F2-409B-B414-79FCBCDF6084.webp 1024w, https:\/\/panlibri.fr\/wp-content\/uploads\/2024\/11\/103519D1-23F2-409B-B414-79FCBCDF6084-300x300.webp 300w, https:\/\/panlibri.fr\/wp-content\/uploads\/2024\/11\/103519D1-23F2-409B-B414-79FCBCDF6084-150x150.webp 150w, https:\/\/panlibri.fr\/wp-content\/uploads\/2024\/11\/103519D1-23F2-409B-B414-79FCBCDF6084-768x768.webp 768w\" sizes=\"auto, (max-width: 1024px) 100vw, 1024px\" \/><\/figure><\/div>\n\n\n\n<div style=\"height:40px\" aria-hidden=\"true\" class=\"wp-block-spacer\"><\/div>\n\n\n\n<div class=\"wp-block-buttons is-content-justification-center is-layout-flex wp-container-core-buttons-is-layout-a89b3969 wp-block-buttons-is-layout-flex\">\n<div class=\"wp-block-button\"><a class=\"wp-block-button__link wp-element-button\" href=\"https:\/\/panlibri.fr\/?page_id=298\">Contact, conditions, tarifs\u2026<\/a><\/div>\n<\/div>\n\n\n\n<div style=\"height:41px\" aria-hidden=\"true\" class=\"wp-block-spacer\"><\/div>\n\n\n\n<p><\/p>\n","protected":false},"excerpt":{"rendered":"<p>Club de lecture et podcast Lire\u2026 Lire et en parler. Pour donner le gout de la lecture, rien de mieux que d\u2019en parler, de partager avec les autres ce que l\u2019on a pu d\u00e9couvrir. Une raison de plus de lire\u2026 POUR LES PRIMAIRES ET LES COLL\u00c9GIENS<\/p>\n","protected":false},"author":1,"featured_media":0,"parent":0,"menu_order":0,"comment_status":"closed","ping_status":"closed","template":"","meta":{"footnotes":""},"class_list":["post-223","page","type-page","status-publish","hentry"],"_links":{"self":[{"href":"https:\/\/panlibri.fr\/index.php?rest_route=\/wp\/v2\/pages\/223","targetHints":{"allow":["GET"]}}],"collection":[{"href":"https:\/\/panlibri.fr\/index.php?rest_route=\/wp\/v2\/pages"}],"about":[{"href":"https:\/\/panlibri.fr\/index.php?rest_route=\/wp\/v2\/types\/page"}],"author":[{"embeddable":true,"href":"https:\/\/panlibri.fr\/index.php?rest_route=\/wp\/v2\/users\/1"}],"replies":[{"embeddable":true,"href":"https:\/\/panlibri.fr\/index.php?rest_route=%2Fwp%2Fv2%2Fcomments&post=223"}],"version-history":[{"count":8,"href":"https:\/\/panlibri.fr\/index.php?rest_route=\/wp\/v2\/pages\/223\/revisions"}],"predecessor-version":[{"id":558,"href":"https:\/\/panlibri.fr\/index.php?rest_route=\/wp\/v2\/pages\/223\/revisions\/558"}],"wp:attachment":[{"href":"https:\/\/panlibri.fr\/index.php?rest_route=%2Fwp%2Fv2%2Fmedia&parent=223"}],"curies":[{"name":"wp","href":"https:\/\/api.w.org\/{rel}","templated":true}]}}